{"id":1791,"date":"2022-12-23T17:58:56","date_gmt":"2022-12-23T17:58:56","guid":{"rendered":"https:\/\/locoinlameiro.pt\/politique-de-confidentialite\/"},"modified":"2023-04-20T10:06:38","modified_gmt":"2023-04-20T10:06:38","slug":"politique-de-confidentialite","status":"publish","type":"page","link":"https:\/\/locoinlameiro.pt\/fr\/politique-de-confidentialite\/","title":{"rendered":"Politique de confidentialit\u00e9"},"content":{"rendered":"\t\t<div data-elementor-type=\"wp-page\" data-elementor-id=\"1791\" class=\"elementor elementor-1791 elementor-168\">\n\t\t\t\t\t\t\t<div class=\"elementor-element elementor-element-2a9d8e2 e-con-boxed e-con\" data-id=\"2a9d8e2\" data-element_type=\"container\" data-settings=\"{&quot;content_width&quot;:&quot;boxed&quot;}\">\n\t\t\t\t\t<div class=\"e-con-inner\">\n\t\t\t\t<div class=\"elementor-element elementor-element-f35ee60 elementor-widget elementor-widget-heading\" data-id=\"f35ee60\" data-element_type=\"widget\" data-widget_type=\"heading.default\">\n\t\t\t\t<div class=\"elementor-widget-container\">\n\t\t\t<style>\/*! elementor - v3.10.1 - 17-01-2023 *\/\n.elementor-heading-title{padding:0;margin:0;line-height:1}.elementor-widget-heading .elementor-heading-title[class*=elementor-size-]>a{color:inherit;font-size:inherit;line-height:inherit}.elementor-widget-heading .elementor-heading-title.elementor-size-small{font-size:15px}.elementor-widget-heading .elementor-heading-title.elementor-size-medium{font-size:19px}.elementor-widget-heading .elementor-heading-title.elementor-size-large{font-size:29px}.elementor-widget-heading .elementor-heading-title.elementor-size-xl{font-size:39px}.elementor-widget-heading .elementor-heading-title.elementor-size-xxl{font-size:59px}<\/style><h1 class=\"elementor-heading-title elementor-size-default\">Politique de confidentialit\u00e9<\/h1>\t\t<\/div>\n\t\t\t\t<\/div>\n\t\t\t\t\t<\/div>\n\t\t\t\t<\/div>\n\t\t<div class=\"elementor-element elementor-element-3673b3f e-con-boxed e-con\" data-id=\"3673b3f\" data-element_type=\"container\" data-settings=\"{&quot;content_width&quot;:&quot;boxed&quot;}\">\n\t\t\t\t\t<div class=\"e-con-inner\">\n\t\t\t\t<div class=\"elementor-element elementor-element-eabf441 elementor-widget elementor-widget-text-editor\" data-id=\"eabf441\" data-element_type=\"widget\" data-widget_type=\"text-editor.default\">\n\t\t\t\t<div class=\"elementor-widget-container\">\n\t\t\t<style>\/*! elementor - v3.10.1 - 17-01-2023 *\/\n.elementor-widget-text-editor.elementor-drop-cap-view-stacked .elementor-drop-cap{background-color:#818a91;color:#fff}.elementor-widget-text-editor.elementor-drop-cap-view-framed .elementor-drop-cap{color:#818a91;border:3px solid;background-color:transparent}.elementor-widget-text-editor:not(.elementor-drop-cap-view-default) .elementor-drop-cap{margin-top:8px}.elementor-widget-text-editor:not(.elementor-drop-cap-view-default) .elementor-drop-cap-letter{width:1em;height:1em}.elementor-widget-text-editor .elementor-drop-cap{float:left;text-align:center;line-height:1;font-size:50px}.elementor-widget-text-editor .elementor-drop-cap-letter{display:inline-block}<\/style>\t\t\t\t\t\t\t\t\t\t<\/div>\n\t\t\t\t<\/div>\n\t\t\t\t\t<\/div>\n\t\t\t\t<\/div>\n\t\t<div class=\"elementor-element elementor-element-d620d6d e-con-boxed e-con\" data-id=\"d620d6d\" data-element_type=\"container\" data-settings=\"{&quot;content_width&quot;:&quot;boxed&quot;}\">\n\t\t\t\t\t<div class=\"e-con-inner\">\n\t\t\t\t<div class=\"elementor-element elementor-element-a03dd6b elementor-widget elementor-widget-text-editor\" data-id=\"a03dd6b\" data-element_type=\"widget\" data-widget_type=\"text-editor.default\">\n\t\t\t\t<div class=\"elementor-widget-container\">\n\t\t\t\t\t\t\t<p><span style=\"font-weight: 400;\">Locoinlameiro, Lda recueille des donn\u00e9es personnelles en remplissant les formulaires disponibles sur ce site Web et en envoyant des courriels \u00e0 locoinlameiro@sapo.pt.<\/span><\/p>\n<p><span style=\"font-weight: 400;\">Si vous souhaitez que vos donn\u00e9es soient supprim\u00e9es, vous pouvez le faire en envoyant un courrier \u00e9lectronique \u00e0 locoinlameiro@sapo.pt.<\/span><\/p>\n<p><span style=\"font-weight: 400;\">Aux fins des dispositions du r\u00e8glement (UE) 2016\/679 du Parlement europ\u00e9en et du Conseil du 27 avril (r\u00e8glement g\u00e9n\u00e9ral sur la protection des donn\u00e9es), Locoinlameiro, Lda , avec NIPC  <\/span><span style=\"font-weight: 400;\">507190106<\/span><span style=\"font-weight: 400;\">  dont le si\u00e8ge social est situ\u00e9 RUA PRINCIPAL 440, &#8211; LAMEIRO, 2425-362 CARVIDE, commune de LEIRIA, avec le num\u00e9ro de t\u00e9l\u00e9phone 967 282 212 (appel au r\u00e9seau mobile national), l&rsquo;adresse \u00e9lectronique locoinlameiro@sapo.pt et l&rsquo;adresse web www.locoinlameiro.pt, le titulaire des donn\u00e9es \u00e0 caract\u00e8re personnel (le client) est inform\u00e9 par la pr\u00e9sente que :<\/span><\/p>\n<p><span style=\"font-weight: 400;\">1) Le responsable du traitement des donn\u00e9es personnelles est Locoinlameiro, Lda.<\/span><\/p>\n<p><span style=\"font-weight: 400;\">Les donn\u00e9es personnelles \u00e0 traiter sont les suivantes : nom, adresse, adresse \u00e9lectronique et toutes celles fournies en remplissant le formulaire sur le site et envoy\u00e9es par courrier \u00e9lectronique \u00e0 locoinlameiro@sapo.pt.<\/span><\/p>\n<p><span style=\"font-weight: 400;\">2) Les donn\u00e9es \u00e0 caract\u00e8re personnel du client sont trait\u00e9es parce qu&rsquo;elles sont n\u00e9cessaires \u00e0 la pr\u00e9-r\u00e9servation de s\u00e9jours, \u00e0 la location d&rsquo;activit\u00e9s, de v\u00e9hicules et d&rsquo;espaces ou parce qu&rsquo;elles ont fait l&rsquo;objet d&rsquo;un consentement.<\/span><\/p>\n<p><span style=\"font-weight: 400;\">L&rsquo;omission ou l&rsquo;inexactitude de ces donn\u00e9es ou d&rsquo;autres informations fournies par le client rel\u00e8ve de sa seule responsabilit\u00e9.<\/span><\/p>\n<p><span style=\"font-weight: 400;\">3) Les donn\u00e9es personnelles fournies par le client seront trait\u00e9es et stock\u00e9es sur ordinateur et seront utilis\u00e9es par Locoinlameiro, Lda pour : le marketing et les ventes, la gestion des clients et la prestation de services, la comptabilit\u00e9, la gestion fiscale et administrative, la gestion des litiges, la gestion du r\u00e9seau et des syst\u00e8mes, la s\u00e9curit\u00e9 de l&rsquo;information et le contr\u00f4le de la s\u00e9curit\u00e9 fiscale et le respect des obligations l\u00e9gales.<\/span><\/p>\n<p><span style=\"font-weight: 400;\">4) Vous pouvez vous opposer au traitement des donn\u00e9es \u00e0 tout moment et par tout moyen, sans pr\u00e9judice du respect des obligations impos\u00e9es par la loi.<\/span><\/p>\n<p><span style=\"font-weight: 400;\">5\u00ba) Les donn\u00e9es \u00e0 caract\u00e8re personnel sont conserv\u00e9es pendant des p\u00e9riodes diff\u00e9rentes, en fonction de la finalit\u00e9 pour laquelle elles sont destin\u00e9es et en tenant compte des crit\u00e8res l\u00e9gaux de n\u00e9cessit\u00e9 et de minimisation du temps de conservation, sans pr\u00e9judice des p\u00e9riodes l\u00e9galement d\u00e9finies pour les diff\u00e9rentes finalit\u00e9s.<\/span><\/p>\n<p><span style=\"font-weight: 400;\">6\u00ba) Vous avez le droit de demander \u00e0 Locoinlameiro, Lda. des informations sur le type de traitement dont vos donn\u00e9es font l&rsquo;objet. Les informations seront fournies par \u00e9crit et la demande doit \u00eatre adress\u00e9e \u00e0 l&rsquo;adresse \u00e9lectronique suivante : locoinlameiro@sapo.pt . Si le client le demande, les informations peuvent \u00eatre fournies oralement, \u00e0 condition que l&rsquo;identit\u00e9 du d\u00e9tenteur soit prouv\u00e9e par d&rsquo;autres moyens.<\/span><\/p>\n<p><span style=\"font-weight: 400;\">7\u00ba) Vos donn\u00e9es personnelles ont \u00e9t\u00e9 c\u00e9d\u00e9es \u00e0 Locoinlameiro, Lda. pour la comptabilit\u00e9 et le traitement fiscal, ainsi que pour le marketing et les ventes. Locoinlameiro, Lda. peut recourir \u00e0 des sous-traitants pour le traitement des donn\u00e9es \u00e0 caract\u00e8re personnel, notamment pour la gestion de la client\u00e8le, la prestation de services, la facturation et la gestion des litiges, ces entit\u00e9s \u00e9tant tenues de mettre en place des mesures techniques et organisationnelles ad\u00e9quates pour prot\u00e9ger les donn\u00e9es et assurer la d\u00e9fense des droits de la personne concern\u00e9e. Dans certaines circonstances, il peut \u00eatre n\u00e9cessaire de communiquer certaines donn\u00e9es \u00e0 caract\u00e8re personnel \u00e0 des autorit\u00e9s publiques, telles que les autorit\u00e9s fiscales, la s\u00e9curit\u00e9 sociale, les tribunaux, les organes de contr\u00f4le et d&rsquo;inspection et les forces de s\u00e9curit\u00e9.<\/span><\/p>\n<p><span style=\"font-weight: 400;\">8) Vous avez le droit d&rsquo;acc\u00e9der \u00e0 une copie des donn\u00e9es personnelles trait\u00e9es. Si la demande est soumise par voie \u00e9lectronique, les informations doivent \u00eatre fournies dans un format \u00e9lectronique couramment utilis\u00e9.<\/span><\/p>\n<p><span style=\"font-weight: 400;\">9\u00ba) Vous avez le droit de demander \u00e0 tout moment la rectification de vos donn\u00e9es personnelles.<\/span><\/p>\n<p><span style=\"font-weight: 400;\">10) Vous avez le droit de demander l&rsquo;effacement de vos donn\u00e9es \u00e0 caract\u00e8re personnel, sans pr\u00e9judice de l&rsquo;ex\u00e9cution d&rsquo;obligations l\u00e9gales.<\/span><\/p>\n<p><span style=\"font-weight: 400;\">11\u00ba) Vous avez le droit de vous opposer \u00e0 l&rsquo;effacement de vos donn\u00e9es personnelles et de demander la limitation de leur traitement, sans pr\u00e9judice de l&rsquo;ex\u00e9cution d&rsquo;obligations l\u00e9gales.<\/span><\/p>\n<p><span style=\"font-weight: 400;\">12\u00ba) Vous avez le droit de vous opposer \u00e0 l&rsquo;utilisation de vos donn\u00e9es \u00e0 des fins de marketing direct.<\/span><\/p>\n<p><span style=\"font-weight: 400;\">13\u00ba) Vos donn\u00e9es personnelles sont trait\u00e9es automatiquement ou non automatiquement<\/span><\/p>\n<p><span style=\"font-weight: 400;\">14\u00ba) Vous avez le droit de demander que vos donn\u00e9es personnelles soient transf\u00e9r\u00e9es \u00e0 une autre entit\u00e9.<\/span><\/p>\n<p><span style=\"font-weight: 400;\">15) Vos donn\u00e9es \u00e0 caract\u00e8re personnel sont prot\u00e9g\u00e9es en veillant \u00e0 ce que la confidentialit\u00e9, l&rsquo;int\u00e9grit\u00e9, la disponibilit\u00e9 et la r\u00e9silience des syst\u00e8mes et services de traitement soient maintenues, que la disponibilit\u00e9 et l&rsquo;acc\u00e8s aux donn\u00e9es \u00e0 caract\u00e8re personnel puissent \u00eatre r\u00e9tablis en temps utile en cas d&rsquo;incident physique ou technique, et qu&rsquo;il existe un processus permettant de tester, d&rsquo;appr\u00e9cier et d&rsquo;\u00e9valuer r\u00e9guli\u00e8rement l&rsquo;efficacit\u00e9 des mesures techniques et organisationnelles visant \u00e0 garantir la s\u00e9curit\u00e9 du traitement.<\/span><\/p>\n\t\t\t\t\t\t<\/div>\n\t\t\t\t<\/div>\n\t\t\t\t\t<\/div>\n\t\t\t\t<\/div>\n\t\t<div class=\"elementor-element elementor-element-9b30402 e-con-boxed e-con\" data-id=\"9b30402\" data-element_type=\"container\" data-settings=\"{&quot;content_width&quot;:&quot;boxed&quot;}\">\n\t\t\t\t\t<div class=\"e-con-inner\">\n\t\t\t\t<div class=\"elementor-element elementor-element-adb84a7 elementor-widget elementor-widget-heading\" data-id=\"adb84a7\" data-element_type=\"widget\" data-widget_type=\"heading.default\">\n\t\t\t\t<div class=\"elementor-widget-container\">\n\t\t\t<h1 class=\"elementor-heading-title elementor-size-default\">Politique en mati\u00e8re de cookies<\/h1>\t\t<\/div>\n\t\t\t\t<\/div>\n\t\t\t\t\t<\/div>\n\t\t\t\t<\/div>\n\t\t<div class=\"elementor-element elementor-element-f82268b e-con-boxed e-con\" data-id=\"f82268b\" data-element_type=\"container\" data-settings=\"{&quot;content_width&quot;:&quot;boxed&quot;}\">\n\t\t\t\t\t<div class=\"e-con-inner\">\n\t\t\t\t<div class=\"elementor-element elementor-element-c065594 elementor-widget elementor-widget-text-editor\" data-id=\"c065594\" data-element_type=\"widget\" data-widget_type=\"text-editor.default\">\n\t\t\t\t<div class=\"elementor-widget-container\">\n\t\t\t\t\t\t\t<p><span style=\"font-weight: 400;\">UTILISATION DE COOKIES<\/span><\/p>\n<p><span style=\"font-weight: 400;\">Ce site utilise des cookies pour vous permettre d&rsquo;avoir la meilleure exp\u00e9rience utilisateur possible.<\/span><\/p>\n<p><span style=\"font-weight: 400;\">Si vous continuez \u00e0 naviguer, vous donnez votre consentement \u00e0 l&rsquo;acceptation de ces cookies ainsi qu&rsquo;\u00e0 notre politique en mati\u00e8re de cookies.<\/span><\/p>\n<p><span style=\"font-weight: 400;\">QU&rsquo;EST-CE QU&rsquo;UN BISCUIT ?<\/span><\/p>\n<p><span style=\"font-weight: 400;\">Les cookies sont de petits fichiers texte stock\u00e9s sur votre appareil lorsque vous acc\u00e9dez \u00e0 des sites web.<\/span><\/p>\n<p><span style=\"font-weight: 400;\">Ceux-ci permettent de stocker une s\u00e9rie d&rsquo;informations relatives \u00e0 l&rsquo;utilisateur, dont certaines sont utilis\u00e9es pour reconna\u00eetre l&rsquo;utilisateur lors de ses prochaines visites sur notre site, et d&rsquo;autres pour garantir la fonctionnalit\u00e9 fournie et am\u00e9liorer les performances et l&rsquo;exp\u00e9rience de l&rsquo;utilisateur du site.<\/span><\/p>\n<p><span style=\"font-weight: 400;\">Le type d&rsquo;informations pouvant \u00eatre analys\u00e9es \u00e0 l&rsquo;aide de cookies est le suivant : nom d&rsquo;utilisateur, adresse \u00e9lectronique et mot de passe, l&rsquo;adresse de protocole Internet (IP) utilis\u00e9e pour se connecter \u00e0 Internet, le type et la version du navigateur, le syst\u00e8me d&rsquo;exploitation et la plate-forme utilis\u00e9s pour la connexion, les adresses web (URL) \u00e0 partir desquelles ou par lesquelles vous avez acc\u00e9d\u00e9 \u00e0 nos services en ligne et les avez quitt\u00e9s, ainsi que la date et l&rsquo;heure de cette activit\u00e9, entre autres.<\/span><\/p>\n<p><span style=\"font-weight: 400;\">Les cookies des sites web peuvent \u00eatre d\u00e9sactiv\u00e9s ou g\u00e9r\u00e9s \u00e0 tout moment. Pour savoir comment proc\u00e9der, consultez la rubrique \u00ab\u00a0Aide\u00a0\u00bb de votre navigateur.<\/span><\/p>\n<p><span style=\"font-weight: 400;\">Remarque : il est important de savoir que certaines parties du site peuvent ne pas fonctionner correctement apr\u00e8s la d\u00e9sactivation des cookies.<\/span><\/p>\n<p><span style=\"font-weight: 400;\">OBJECTIF DES COOKIES ?<\/span><\/p>\n<p><span style=\"font-weight: 400;\">L&rsquo;utilisation de cookies optimise la navigation de l&rsquo;utilisateur, permettant aux donn\u00e9es stock\u00e9es d&rsquo;am\u00e9liorer votre exp\u00e9rience sur le site web, et augmentant \u00e9galement l&rsquo;efficacit\u00e9 de la r\u00e9ponse de l&rsquo;adresse web.<\/span><\/p>\n<p><span style=\"font-weight: 400;\">Cela nous permet d&rsquo;\u00e9liminer certaines actions r\u00e9p\u00e9titives sur le site et de vous pr\u00e9senter des informations qui r\u00e9pondent le mieux possible \u00e0 vos int\u00e9r\u00eats.<\/span><\/p>\n<p><span style=\"font-weight: 400;\">TYPES DE COOKIES UTILIS\u00c9S<\/span><\/p>\n<p><span style=\"font-weight: 400;\">Les cookies sont segment\u00e9s en fonction de leur finalit\u00e9 et de leur date d&rsquo;expiration.<\/span><\/p>\n<p><span style=\"font-weight: 400;\">Les cookies essentiels sont des \u00e9l\u00e9ments cl\u00e9s de l&rsquo;acc\u00e8s \u00e0 certaines parties du site, comme l&rsquo;acc\u00e8s aux zones s\u00e9curis\u00e9es du site par le biais d&rsquo;un login et d&rsquo;un mot de passe. En d\u00e9sactivant les cookies, les m\u00eames services ne peuvent pas \u00eatre consult\u00e9s.<\/span><\/p>\n<p><span style=\"font-weight: 400;\">Les cookies de fonctionnalit\u00e9 m\u00e9morisent les pr\u00e9f\u00e9rences de navigation de l&rsquo;utilisateur.<\/span><\/p>\n<p><span style=\"font-weight: 400;\">Les cookies analytiques permettent de m\u00e9moriser la fa\u00e7on dont un certain site web est parcouru, dans le but de pr\u00e9senter des produits ou des services qui r\u00e9pondent aux besoins de l&rsquo;utilisateur, en surveillant le site web. Il s&rsquo;agit par exemple des pages les plus visit\u00e9es, du temps pass\u00e9 sur chaque page, des produits ou services recherch\u00e9s, etc. Ces cookies stockent des informations statistiques.<\/span><\/p>\n<p><span style=\"font-weight: 400;\">EXPRESSION DU CONSENTEMENT \u00c0 L&rsquo;UTILISATION DE COOKIES<\/span><\/p>\n<p><span style=\"font-weight: 400;\">En acc\u00e9dant \u00e0 notre site, l&rsquo;utilisateur donne son consentement \u00e0 l&rsquo;utilisation de cookies par le biais d&rsquo;un bouton OK dans la banni\u00e8re qui appara\u00eet lorsque l&rsquo;utilisateur visite notre site pour la premi\u00e8re fois.<\/span><\/p>\n\t\t\t\t\t\t<\/div>\n\t\t\t\t<\/div>\n\t\t\t\t\t<\/div>\n\t\t\t\t<\/div>\n\t\t\t\t\t\t\t<\/div>\n\t\t","protected":false},"excerpt":{"rendered":"<p>Politique de confidentialit\u00e9 Locoinlameiro, Lda recueille des donn\u00e9es personnelles en remplissant les formulaires disponibles sur ce site Web et en envoyant des courriels \u00e0 locoinlameiro@sapo.pt. Si vous souhaitez que vos donn\u00e9es soient supprim\u00e9es, vous pouvez le faire en envoyant un courrier \u00e9lectronique \u00e0 locoinlameiro@sapo.pt. Aux fins des dispositions du r\u00e8glement (UE) 2016\/679 du Parlement europ\u00e9en et du Conseil du 27 avril (r\u00e8glement g\u00e9n\u00e9ral sur la protection des donn\u00e9es), Locoinlameiro, Lda , avec NIPC 507190106 dont le si\u00e8ge social est situ\u00e9 RUA PRINCIPAL 440, &#8211; LAMEIRO, 2425-362 CARVIDE, commune de LEIRIA, avec le num\u00e9ro de t\u00e9l\u00e9phone 967 282 212 (appel au\u2026<\/p>\n","protected":false},"author":1,"featured_media":0,"parent":0,"menu_order":0,"comment_status":"closed","ping_status":"closed","template":"","meta":{"footnotes":""},"class_list":["post-1791","page","type-page","status-publish","hentry"],"blocksy_meta":{"styles_descriptor":{"styles":{"desktop":"","tablet":"","mobile":""},"google_fonts":[],"version":5}},"_links":{"self":[{"href":"https:\/\/locoinlameiro.pt\/fr\/wp-json\/wp\/v2\/pages\/1791","targetHints":{"allow":["GET"]}}],"collection":[{"href":"https:\/\/locoinlameiro.pt\/fr\/wp-json\/wp\/v2\/pages"}],"about":[{"href":"https:\/\/locoinlameiro.pt\/fr\/wp-json\/wp\/v2\/types\/page"}],"author":[{"embeddable":true,"href":"https:\/\/locoinlameiro.pt\/fr\/wp-json\/wp\/v2\/users\/1"}],"replies":[{"embeddable":true,"href":"https:\/\/locoinlameiro.pt\/fr\/wp-json\/wp\/v2\/comments?post=1791"}],"version-history":[{"count":2,"href":"https:\/\/locoinlameiro.pt\/fr\/wp-json\/wp\/v2\/pages\/1791\/revisions"}],"predecessor-version":[{"id":1881,"href":"https:\/\/locoinlameiro.pt\/fr\/wp-json\/wp\/v2\/pages\/1791\/revisions\/1881"}],"wp:attachment":[{"href":"https:\/\/locoinlameiro.pt\/fr\/wp-json\/wp\/v2\/media?parent=1791"}],"curies":[{"name":"wp","href":"https:\/\/api.w.org\/{rel}","templated":true}]}}