{"id":1789,"date":"2022-12-19T16:02:58","date_gmt":"2022-12-19T16:02:58","guid":{"rendered":"https:\/\/locoinlameiro.pt\/page-daccueil\/"},"modified":"2023-04-20T10:12:28","modified_gmt":"2023-04-20T10:12:28","slug":"page-daccueil","status":"publish","type":"page","link":"https:\/\/locoinlameiro.pt\/fr\/","title":{"rendered":"page d&rsquo;accueil"},"content":{"rendered":"\t\t<div data-elementor-type=\"wp-page\" data-elementor-id=\"1789\" class=\"elementor elementor-1789 elementor-48\">\n\t\t\t\t\t\t\t<div class=\"elementor-element elementor-element-2ae5024 e-con-full e-con\" data-id=\"2ae5024\" data-element_type=\"container\" data-settings=\"{&quot;content_width&quot;:&quot;full&quot;,&quot;background_background&quot;:&quot;gradient&quot;}\">\n\t\t\t\t<div class=\"elementor-element elementor-element-70052ef elementor-widget__width-inherit elementor-widget elementor-widget-image\" data-id=\"70052ef\" data-element_type=\"widget\" data-widget_type=\"image.default\">\n\t\t\t\t<div class=\"elementor-widget-container\">\n\t\t\t<style>\/*! elementor - v3.10.1 - 17-01-2023 *\/\n.elementor-widget-image{text-align:center}.elementor-widget-image a{display:inline-block}.elementor-widget-image a img[src$=\".svg\"]{width:48px}.elementor-widget-image img{vertical-align:middle;display:inline-block}<\/style>\t\t\t\t\t\t\t\t\t\t\t\t<img loading=\"lazy\" decoding=\"async\" width=\"2560\" height=\"1150\" src=\"https:\/\/locoinlameiro.pt\/wp-content\/uploads\/2023\/02\/wepb.webp\" class=\"attachment-full size-full wp-image-1738\" alt=\"\" srcset=\"https:\/\/locoinlameiro.pt\/wp-content\/uploads\/2023\/02\/wepb.webp 2560w, https:\/\/locoinlameiro.pt\/wp-content\/uploads\/2023\/02\/wepb-300x135.webp 300w, https:\/\/locoinlameiro.pt\/wp-content\/uploads\/2023\/02\/wepb-1024x460.webp 1024w, https:\/\/locoinlameiro.pt\/wp-content\/uploads\/2023\/02\/wepb-768x345.webp 768w, https:\/\/locoinlameiro.pt\/wp-content\/uploads\/2023\/02\/wepb-1536x690.webp 1536w, https:\/\/locoinlameiro.pt\/wp-content\/uploads\/2023\/02\/wepb-2048x920.webp 2048w\" sizes=\"auto, (max-width: 2560px) 100vw, 2560px\" \/>\t\t\t\t\t\t\t\t\t\t\t\t\t\t\t<\/div>\n\t\t\t\t<\/div>\n\t\t\t\t<\/div>\n\t\t<div class=\"elementor-element elementor-element-177e3305 e-con-full e-con\" data-id=\"177e3305\" data-element_type=\"container\" data-settings=\"{&quot;background_background&quot;:&quot;gradient&quot;,&quot;content_width&quot;:&quot;full&quot;}\">\n\t\t<div class=\"elementor-element elementor-element-369639a4 e-con-full e-con\" data-id=\"369639a4\" data-element_type=\"container\" data-settings=\"{&quot;content_width&quot;:&quot;full&quot;}\">\n\t\t\t\t<div class=\"elementor-element elementor-element-3baebc6c animated-slow elementor-invisible elementor-widget elementor-widget-heading\" data-id=\"3baebc6c\" data-element_type=\"widget\" data-settings=\"{&quot;_animation&quot;:&quot;slideInUp&quot;}\" data-widget_type=\"heading.default\">\n\t\t\t\t<div class=\"elementor-widget-container\">\n\t\t\t<style>\/*! elementor - v3.10.1 - 17-01-2023 *\/\n.elementor-heading-title{padding:0;margin:0;line-height:1}.elementor-widget-heading .elementor-heading-title[class*=elementor-size-]>a{color:inherit;font-size:inherit;line-height:inherit}.elementor-widget-heading .elementor-heading-title.elementor-size-small{font-size:15px}.elementor-widget-heading .elementor-heading-title.elementor-size-medium{font-size:19px}.elementor-widget-heading .elementor-heading-title.elementor-size-large{font-size:29px}.elementor-widget-heading .elementor-heading-title.elementor-size-xl{font-size:39px}.elementor-widget-heading .elementor-heading-title.elementor-size-xxl{font-size:59px}<\/style><h2 class=\"elementor-heading-title elementor-size-default\">Tourisme rural<\/h2>\t\t<\/div>\n\t\t\t\t<\/div>\n\t\t\t\t<div class=\"elementor-element elementor-element-6d8b10a0 animated-slow elementor-invisible elementor-widget elementor-widget-heading\" data-id=\"6d8b10a0\" data-element_type=\"widget\" data-settings=\"{&quot;_animation&quot;:&quot;slideInUp&quot;}\" data-widget_type=\"heading.default\">\n\t\t\t\t<div class=\"elementor-widget-container\">\n\t\t\t<h2 class=\"elementor-heading-title elementor-size-default\">VOTRE EMPLACEMENT ID\u00c9AL<br>\nEN VACANCES<\/h2>\t\t<\/div>\n\t\t\t\t<\/div>\n\t\t\t\t<div class=\"elementor-element elementor-element-2449451d elementor-widget elementor-widget-text-editor\" data-id=\"2449451d\" data-element_type=\"widget\" data-widget_type=\"text-editor.default\">\n\t\t\t\t<div class=\"elementor-widget-container\">\n\t\t\t<style>\/*! elementor - v3.10.1 - 17-01-2023 *\/\n.elementor-widget-text-editor.elementor-drop-cap-view-stacked .elementor-drop-cap{background-color:#818a91;color:#fff}.elementor-widget-text-editor.elementor-drop-cap-view-framed .elementor-drop-cap{color:#818a91;border:3px solid;background-color:transparent}.elementor-widget-text-editor:not(.elementor-drop-cap-view-default) .elementor-drop-cap{margin-top:8px}.elementor-widget-text-editor:not(.elementor-drop-cap-view-default) .elementor-drop-cap-letter{width:1em;height:1em}.elementor-widget-text-editor .elementor-drop-cap{float:left;text-align:center;line-height:1;font-size:50px}.elementor-widget-text-editor .elementor-drop-cap-letter{display:inline-block}<\/style>\t\t\t\t<p>H\u00e9bergement avec tout ce dont vous avez besoin pour des vacances en famille ! Le confort, la diversit\u00e9 des activit\u00e9s, l&rsquo;organisation et l&rsquo;accueil des propri\u00e9taires. Et \u00e0 quelques minutes des plages !<\/p>\n\t\t\t\t\t\t<\/div>\n\t\t\t\t<\/div>\n\t\t\t\t<div class=\"elementor-element elementor-element-be4961d elementor-align-left elementor-widget elementor-widget-button\" data-id=\"be4961d\" data-element_type=\"widget\" data-widget_type=\"button.default\">\n\t\t\t\t<div class=\"elementor-widget-container\">\n\t\t\t\t\t<div class=\"elementor-button-wrapper\">\n\t\t\t<a href=\"mailto:locoinlameiro@sapo.pt\" target=\"_blank\" class=\"elementor-button-link elementor-button elementor-size-lg elementor-animation-grow\" role=\"button\">\n\t\t\t\t\t\t<span class=\"elementor-button-content-wrapper\">\n\t\t\t\t\t\t<span class=\"elementor-button-text\">R\u00c9SERVE<\/span>\n\t\t<\/span>\n\t\t\t\t\t<\/a>\n\t\t<\/div>\n\t\t\t\t<\/div>\n\t\t\t\t<\/div>\n\t\t\t\t<\/div>\n\t\t\t\t<div class=\"elementor-element elementor-element-62265b10 elementor-widget elementor-widget-image\" data-id=\"62265b10\" data-element_type=\"widget\" data-widget_type=\"image.default\">\n\t\t\t\t<div class=\"elementor-widget-container\">\n\t\t\t\t\t\t\t\t\t\t\t\t\t\t\t<img loading=\"lazy\" decoding=\"async\" width=\"1024\" height=\"576\" src=\"https:\/\/locoinlameiro.pt\/wp-content\/uploads\/2023\/02\/3-palmeiras-1024x576.webp\" class=\"attachment-large size-large wp-image-1754\" alt=\"\" srcset=\"https:\/\/locoinlameiro.pt\/wp-content\/uploads\/2023\/02\/3-palmeiras-1024x576.webp 1024w, https:\/\/locoinlameiro.pt\/wp-content\/uploads\/2023\/02\/3-palmeiras-300x169.webp 300w, https:\/\/locoinlameiro.pt\/wp-content\/uploads\/2023\/02\/3-palmeiras-768x432.webp 768w, https:\/\/locoinlameiro.pt\/wp-content\/uploads\/2023\/02\/3-palmeiras-1536x864.webp 1536w, https:\/\/locoinlameiro.pt\/wp-content\/uploads\/2023\/02\/3-palmeiras-2048x1152.webp 2048w\" sizes=\"auto, (max-width: 1024px) 100vw, 1024px\" \/>\t\t\t\t\t\t\t\t\t\t\t\t\t\t\t<\/div>\n\t\t\t\t<\/div>\n\t\t\t\t<\/div>\n\t\t<div class=\"elementor-element elementor-element-77f8a692 e-con-full e-con\" data-id=\"77f8a692\" data-element_type=\"container\" data-settings=\"{&quot;content_width&quot;:&quot;full&quot;,&quot;background_background&quot;:&quot;gradient&quot;}\">\n\t\t<div class=\"elementor-element elementor-element-7614bd9f e-con-boxed e-con\" data-id=\"7614bd9f\" data-element_type=\"container\" data-settings=\"{&quot;content_width&quot;:&quot;boxed&quot;}\">\n\t\t\t\t\t<div class=\"e-con-inner\">\n\t\t\t\t<div class=\"elementor-element elementor-element-1b8fcb7 animated-slow elementor-invisible elementor-widget elementor-widget-heading\" data-id=\"1b8fcb7\" data-element_type=\"widget\" data-settings=\"{&quot;_animation&quot;:&quot;slideInUp&quot;}\" data-widget_type=\"heading.default\">\n\t\t\t\t<div class=\"elementor-widget-container\">\n\t\t\t<h2 class=\"elementor-heading-title elementor-size-default\">TOURISME RURAL<\/h2>\t\t<\/div>\n\t\t\t\t<\/div>\n\t\t\t\t<div class=\"elementor-element elementor-element-5b256e8b animated-slow elementor-invisible elementor-widget elementor-widget-heading\" data-id=\"5b256e8b\" data-element_type=\"widget\" data-settings=\"{&quot;_animation&quot;:&quot;slideInUp&quot;}\" data-widget_type=\"heading.default\">\n\t\t\t\t<div class=\"elementor-widget-container\">\n\t\t\t<h2 class=\"elementor-heading-title elementor-size-default\">D\u00c9COUVREZ NOS OFFRES<\/h2>\t\t<\/div>\n\t\t\t\t<\/div>\n\t\t\t\t\t<\/div>\n\t\t\t\t<\/div>\n\t\t\t\t<div class=\"elementor-element elementor-element-37f059f8 elementor-skin-carousel elementor-widget elementor-widget-media-carousel\" data-id=\"37f059f8\" data-element_type=\"widget\" data-settings=\"{&quot;slides_per_view&quot;:&quot;4&quot;,&quot;slides_per_view_tablet&quot;:&quot;3&quot;,&quot;slides_per_view_mobile&quot;:&quot;1&quot;,&quot;slides_to_scroll&quot;:&quot;1&quot;,&quot;space_between&quot;:{&quot;unit&quot;:&quot;px&quot;,&quot;size&quot;:15,&quot;sizes&quot;:[]},&quot;skin&quot;:&quot;carousel&quot;,&quot;effect&quot;:&quot;slide&quot;,&quot;speed&quot;:500,&quot;autoplay&quot;:&quot;yes&quot;,&quot;autoplay_speed&quot;:5000,&quot;loop&quot;:&quot;yes&quot;,&quot;pause_on_hover&quot;:&quot;yes&quot;,&quot;space_between_tablet&quot;:{&quot;unit&quot;:&quot;px&quot;,&quot;size&quot;:10,&quot;sizes&quot;:[]},&quot;space_between_mobile&quot;:{&quot;unit&quot;:&quot;px&quot;,&quot;size&quot;:10,&quot;sizes&quot;:[]}}\" data-widget_type=\"media-carousel.default\">\n\t\t\t\t<div class=\"elementor-widget-container\">\n\t\t\t<link rel=\"stylesheet\" href=\"https:\/\/locoinlameiro.pt\/wp-content\/plugins\/elementor-pro\/assets\/css\/widget-carousel.min.css\">\t\t<div class=\"elementor-swiper\">\n\t\t\t<div class=\"elementor-main-swiper swiper-container\">\n\t\t\t\t<div class=\"swiper-wrapper\">\n\t\t\t\t\t\t\t\t\t\t\t<div class=\"swiper-slide\">\n\t\t\t\t\t\t\t<a href=\"https:\/\/locoinlameiro.pt\/alojamento\/\">\t\t<div class=\"elementor-carousel-image\" style=\"background-image: url(https:\/\/locoinlameiro.pt\/wp-content\/uploads\/2023\/01\/Design-sem-nome-1.jpg)\">\n\n\t\t\t\n\t\t\t\t\t<\/div>\n\t\t\t\t\t<div class=\"elementor-carousel-image-overlay e-overlay-animation-fade\">\n\t\t\t\t\t\t\t<\/div>\n\t\t\t<\/a>\t\t\t\t\t\t<\/div>\n\t\t\t\t\t\t\t\t\t\t\t<div class=\"swiper-slide\">\n\t\t\t\t\t\t\t<a href=\"https:\/\/locoinlameiro.pt\/aluguer-de-espaco\/\">\t\t<div class=\"elementor-carousel-image\" style=\"background-image: url(https:\/\/locoinlameiro.pt\/wp-content\/uploads\/2023\/01\/3-1.jpg)\">\n\n\t\t\t\n\t\t\t\t\t<\/div>\n\t\t\t\t\t<div class=\"elementor-carousel-image-overlay e-overlay-animation-fade\">\n\t\t\t\t\t\t\t<\/div>\n\t\t\t<\/a>\t\t\t\t\t\t<\/div>\n\t\t\t\t\t\t\t\t\t\t\t<div class=\"swiper-slide\">\n\t\t\t\t\t\t\t<a href=\"https:\/\/locoinlameiro.pt\/atividades\/\">\t\t<div class=\"elementor-carousel-image\" style=\"background-image: url(https:\/\/locoinlameiro.pt\/wp-content\/uploads\/2023\/01\/2-1.jpg)\">\n\n\t\t\t\n\t\t\t\t\t<\/div>\n\t\t\t\t\t<div class=\"elementor-carousel-image-overlay e-overlay-animation-fade\">\n\t\t\t\t\t\t\t<\/div>\n\t\t\t<\/a>\t\t\t\t\t\t<\/div>\n\t\t\t\t\t\t\t\t\t\t\t<div class=\"swiper-slide\">\n\t\t\t\t\t\t\t<a href=\"https:\/\/locoinlameiro.pt\/aluguer-de-veiculos\/\">\t\t<div class=\"elementor-carousel-image\" style=\"background-image: url(https:\/\/locoinlameiro.pt\/wp-content\/uploads\/2023\/01\/4.jpg)\">\n\n\t\t\t\n\t\t\t\t\t<\/div>\n\t\t\t\t\t<div class=\"elementor-carousel-image-overlay e-overlay-animation-fade\">\n\t\t\t\t\t\t\t<\/div>\n\t\t\t<\/a>\t\t\t\t\t\t<\/div>\n\t\t\t\t\t\t\t\t\t<\/div>\n\t\t\t\t\t\t\t\t\t\t\t\t\t\t\t\t\t\t\t\t\t<\/div>\n\t\t<\/div>\n\t\t\t\t<\/div>\n\t\t\t\t<\/div>\n\t\t\t\t<\/div>\n\t\t\t\t<section class=\"elementor-section elementor-top-section elementor-element elementor-element-172cdd23 elementor-section-content-middle elementor-section-boxed elementor-section-height-default elementor-section-height-default\" data-id=\"172cdd23\" data-element_type=\"section\" data-settings=\"{&quot;background_background&quot;:&quot;gradient&quot;}\">\n\t\t\t\t\t\t\t<div class=\"elementor-background-overlay\"><\/div>\n\t\t\t\t\t\t\t<div class=\"elementor-container elementor-column-gap-no\">\n\t\t\t\t\t<div class=\"elementor-column elementor-col-100 elementor-top-column elementor-element elementor-element-8360003\" data-id=\"8360003\" data-element_type=\"column\">\n\t\t\t<div class=\"elementor-widget-wrap elementor-element-populated\">\n\t\t\t\t\t\t\t\t<div class=\"elementor-element elementor-element-2fab18ed elementor-view-framed elementor-shape-circle elementor-mobile-position-top elementor-vertical-align-top elementor-widget elementor-widget-icon-box\" data-id=\"2fab18ed\" data-element_type=\"widget\" data-widget_type=\"icon-box.default\">\n\t\t\t\t<div class=\"elementor-widget-container\">\n\t\t\t<link rel=\"stylesheet\" href=\"https:\/\/locoinlameiro.pt\/wp-content\/plugins\/elementor\/assets\/css\/widget-icon-box.min.css\">\t\t<div class=\"elementor-icon-box-wrapper\">\n\t\t\t\t\t\t<div class=\"elementor-icon-box-icon\">\n\t\t\t\t<span class=\"elementor-icon elementor-animation-\" >\n\t\t\t\t<i aria-hidden=\"true\" class=\"fas fa-umbrella-beach\"><\/i>\t\t\t\t<\/span>\n\t\t\t<\/div>\n\t\t\t\t\t\t<div class=\"elementor-icon-box-content\">\n\t\t\t\t<div class=\"elementor-icon-box-title\">\n\t\t\t\t\t<span  >\n\t\t\t\t\t\t\t\t\t\t\t<\/span>\n\t\t\t\t<\/div>\n\t\t\t\t\t\t\t<\/div>\n\t\t<\/div>\n\t\t\t\t<\/div>\n\t\t\t\t<\/div>\n\t\t\t\t<div class=\"elementor-element elementor-element-58b4fcb elementor-widget elementor-widget-heading\" data-id=\"58b4fcb\" data-element_type=\"widget\" data-widget_type=\"heading.default\">\n\t\t\t\t<div class=\"elementor-widget-container\">\n\t\t\t<h3 class=\"elementor-heading-title elementor-size-default\">AVANTAGES DE NOS LOCATIONS DE VACANCES !<\/h3>\t\t<\/div>\n\t\t\t\t<\/div>\n\t\t\t\t<div class=\"elementor-element elementor-element-568eaca7 elementor-widget elementor-widget-text-editor\" data-id=\"568eaca7\" data-element_type=\"widget\" data-widget_type=\"text-editor.default\">\n\t\t\t\t<div class=\"elementor-widget-container\">\n\t\t\t\t\t\t\t<p>Vacances en famille, week-ends \u00e0 deux, aventures entre amis, c&rsquo;est \u00e0 Locoinlameiro. Si l&rsquo;une de ces options vous semble une bonne id\u00e9e, la location d&rsquo;une de nos maisons de vacances ou d&rsquo;un de nos logements est id\u00e9ale pour vous. Nous sommes situ\u00e9s \u00e0 la campagne, mais \u00e0 proximit\u00e9 de la plage et \u00e0 quelques minutes de la ville. Nos maisons\/logements offrent tout l&rsquo;espace et le confort n\u00e9cessaires pour des vacances en groupe. Sur notre site web, vous trouverez le logement qui vous convient le mieux. Des cuisines ind\u00e9pendantes, enti\u00e8rement \u00e9quip\u00e9es pour pr\u00e9parer des repas qui plairont \u00e0 tous ceux qui voyagent avec vous. Nous disposons d&rsquo;espaces de loisirs communs et de divertissements pour satisfaire les go\u00fbts de chacun. Passez avec nous des vacances de r\u00eave et profitez de notre piscine priv\u00e9e pour prendre un bain de soleil.<\/p>\n\t\t\t\t\t\t<\/div>\n\t\t\t\t<\/div>\n\t\t\t\t\t<\/div>\n\t\t<\/div>\n\t\t\t\t\t\t\t<\/div>\n\t\t<\/section>\n\t\t\t\t\t\t\t<\/div>\n\t\t","protected":false},"excerpt":{"rendered":"<p>Tourisme rural VOTRE EMPLACEMENT ID\u00c9AL EN VACANCES H\u00e9bergement avec tout ce dont vous avez besoin pour des vacances en famille ! Le confort, la diversit\u00e9 des activit\u00e9s, l&rsquo;organisation et l&rsquo;accueil des propri\u00e9taires. Et \u00e0 quelques minutes des plages ! R\u00c9SERVE TOURISME RURAL D\u00c9COUVREZ NOS OFFRES AVANTAGES DE NOS LOCATIONS DE VACANCES ! Vacances en famille, week-ends \u00e0 deux, aventures entre amis, c&rsquo;est \u00e0 Locoinlameiro. Si l&rsquo;une de ces options vous semble une bonne id\u00e9e, la location d&rsquo;une de nos maisons de vacances ou d&rsquo;un de nos logements est id\u00e9ale pour vous. Nous sommes situ\u00e9s \u00e0 la campagne, mais \u00e0 proximit\u00e9\u2026<\/p>\n","protected":false},"author":1,"featured_media":0,"parent":0,"menu_order":0,"comment_status":"closed","ping_status":"closed","template":"elementor_header_footer","meta":{"footnotes":""},"class_list":["post-1789","page","type-page","status-publish","hentry"],"blocksy_meta":{"styles_descriptor":{"styles":{"desktop":"","tablet":"","mobile":""},"google_fonts":[],"version":5}},"_links":{"self":[{"href":"https:\/\/locoinlameiro.pt\/fr\/wp-json\/wp\/v2\/pages\/1789","targetHints":{"allow":["GET"]}}],"collection":[{"href":"https:\/\/locoinlameiro.pt\/fr\/wp-json\/wp\/v2\/pages"}],"about":[{"href":"https:\/\/locoinlameiro.pt\/fr\/wp-json\/wp\/v2\/types\/page"}],"author":[{"embeddable":true,"href":"https:\/\/locoinlameiro.pt\/fr\/wp-json\/wp\/v2\/users\/1"}],"replies":[{"embeddable":true,"href":"https:\/\/locoinlameiro.pt\/fr\/wp-json\/wp\/v2\/comments?post=1789"}],"version-history":[{"count":4,"href":"https:\/\/locoinlameiro.pt\/fr\/wp-json\/wp\/v2\/pages\/1789\/revisions"}],"predecessor-version":[{"id":1899,"href":"https:\/\/locoinlameiro.pt\/fr\/wp-json\/wp\/v2\/pages\/1789\/revisions\/1899"}],"wp:attachment":[{"href":"https:\/\/locoinlameiro.pt\/fr\/wp-json\/wp\/v2\/media?parent=1789"}],"curies":[{"name":"wp","href":"https:\/\/api.w.org\/{rel}","templated":true}]}}