{"id":1771,"date":"2022-12-23T17:58:56","date_gmt":"2022-12-23T17:58:56","guid":{"rendered":"https:\/\/locoinlameiro.pt\/resolution-des-litiges-en-ligne\/"},"modified":"2023-04-20T10:07:25","modified_gmt":"2023-04-20T10:07:25","slug":"resolution-des-litiges-en-ligne","status":"publish","type":"page","link":"https:\/\/locoinlameiro.pt\/fr\/resolution-des-litiges-en-ligne\/","title":{"rendered":"R\u00e9solution des litiges en ligne"},"content":{"rendered":"\t\t<div data-elementor-type=\"wp-page\" data-elementor-id=\"1771\" class=\"elementor elementor-1771 elementor-169\">\n\t\t\t\t\t\t\t<div class=\"elementor-element elementor-element-b633cb9 e-con-boxed e-con\" data-id=\"b633cb9\" data-element_type=\"container\" data-settings=\"{&quot;content_width&quot;:&quot;boxed&quot;}\">\n\t\t\t\t\t<div class=\"e-con-inner\">\n\t\t\t\t<div class=\"elementor-element elementor-element-3968376 elementor-widget elementor-widget-heading\" data-id=\"3968376\" data-element_type=\"widget\" data-widget_type=\"heading.default\">\n\t\t\t\t<div class=\"elementor-widget-container\">\n\t\t\t<style>\/*! elementor - v3.10.1 - 17-01-2023 *\/\n.elementor-heading-title{padding:0;margin:0;line-height:1}.elementor-widget-heading .elementor-heading-title[class*=elementor-size-]>a{color:inherit;font-size:inherit;line-height:inherit}.elementor-widget-heading .elementor-heading-title.elementor-size-small{font-size:15px}.elementor-widget-heading .elementor-heading-title.elementor-size-medium{font-size:19px}.elementor-widget-heading .elementor-heading-title.elementor-size-large{font-size:29px}.elementor-widget-heading .elementor-heading-title.elementor-size-xl{font-size:39px}.elementor-widget-heading .elementor-heading-title.elementor-size-xxl{font-size:59px}<\/style><h1 class=\"elementor-heading-title elementor-size-default\">R\u00c8GLEMENT EXTRAJUDICIAIRE DES LITIGES\n<\/h1>\t\t<\/div>\n\t\t\t\t<\/div>\n\t\t\t\t\t<\/div>\n\t\t\t\t<\/div>\n\t\t<div class=\"elementor-element elementor-element-ae520d5 e-con-boxed e-con\" data-id=\"ae520d5\" data-element_type=\"container\" data-settings=\"{&quot;content_width&quot;:&quot;boxed&quot;}\">\n\t\t\t\t\t<div class=\"e-con-inner\">\n\t\t\t\t<div class=\"elementor-element elementor-element-82889a2 elementor-widget elementor-widget-text-editor\" data-id=\"82889a2\" data-element_type=\"widget\" data-widget_type=\"text-editor.default\">\n\t\t\t\t<div class=\"elementor-widget-container\">\n\t\t\t<style>\/*! elementor - v3.10.1 - 17-01-2023 *\/\n.elementor-widget-text-editor.elementor-drop-cap-view-stacked .elementor-drop-cap{background-color:#818a91;color:#fff}.elementor-widget-text-editor.elementor-drop-cap-view-framed .elementor-drop-cap{color:#818a91;border:3px solid;background-color:transparent}.elementor-widget-text-editor:not(.elementor-drop-cap-view-default) .elementor-drop-cap{margin-top:8px}.elementor-widget-text-editor:not(.elementor-drop-cap-view-default) .elementor-drop-cap-letter{width:1em;height:1em}.elementor-widget-text-editor .elementor-drop-cap{float:left;text-align:center;line-height:1;font-size:50px}.elementor-widget-text-editor .elementor-drop-cap-letter{display:inline-block}<\/style>\t\t\t\t<h3><span style=\"font-weight: 400;\">DROIT APPLICABLE ET JURIDICTION<\/span><\/h3>\n<p><span style=\"font-weight: 400;\">La gestion, l&rsquo;administration, l&rsquo;utilisation et l&rsquo;application des conditions d&rsquo;utilisation du site web et de la politique de confidentialit\u00e9 sont soumises \u00e0 la loi portugaise.<\/span><\/p>\n<p><span style=\"font-weight: 400;\">R\u00e8glement alternatif des litiges (ADR)<\/span><\/p>\n<p><span style=\"font-weight: 400;\">(Loi n\u00b0 144\/2015 du 8 septembre)<\/span><\/p>\n<p><span style=\"font-weight: 400;\">En cas de litige, le consommateur peut faire appel \u00e0 un organe alternatif de r\u00e8glement des litiges.<\/span><\/p>\n<p><a href=\"https:\/\/www.cniacc.pt\/pt\/\" target=\"_blank\" rel=\"noopener\"><span style=\"font-weight: 400;\">CNIACC &#8211; Centre national d&rsquo;information et d&rsquo;arbitrage des conflits de consommation<\/span><\/a><\/p>\n<p><span style=\"font-weight: 400;\">Plus d&rsquo;informations sur <\/span><a href=\"https:\/\/www.consumidor.gov.pt\/\" target=\"_blank\" rel=\"noopener\"><br \/>\n  <span style=\"font-weight: 400;\">Portail des consommateurs<\/span><br \/>\n<\/a><\/p>\n\t\t\t\t\t\t<\/div>\n\t\t\t\t<\/div>\n\t\t\t\t\t<\/div>\n\t\t\t\t<\/div>\n\t\t\t\t\t\t\t<\/div>\n\t\t","protected":false},"excerpt":{"rendered":"<p>R\u00c8GLEMENT EXTRAJUDICIAIRE DES LITIGES DROIT APPLICABLE ET JURIDICTION La gestion, l&rsquo;administration, l&rsquo;utilisation et l&rsquo;application des conditions d&rsquo;utilisation du site web et de la politique de confidentialit\u00e9 sont soumises \u00e0 la loi portugaise. R\u00e8glement alternatif des litiges (ADR) (Loi n\u00b0 144\/2015 du 8 septembre) En cas de litige, le consommateur peut faire appel \u00e0 un organe alternatif de r\u00e8glement des litiges. CNIACC &#8211; Centre national d&rsquo;information et d&rsquo;arbitrage des conflits de consommation Plus d&rsquo;informations sur Portail des consommateurs<\/p>\n","protected":false},"author":1,"featured_media":0,"parent":0,"menu_order":0,"comment_status":"closed","ping_status":"closed","template":"","meta":{"footnotes":""},"class_list":["post-1771","page","type-page","status-publish","hentry"],"blocksy_meta":{"styles_descriptor":{"styles":{"desktop":"","tablet":"","mobile":""},"google_fonts":[],"version":5}},"_links":{"self":[{"href":"https:\/\/locoinlameiro.pt\/fr\/wp-json\/wp\/v2\/pages\/1771","targetHints":{"allow":["GET"]}}],"collection":[{"href":"https:\/\/locoinlameiro.pt\/fr\/wp-json\/wp\/v2\/pages"}],"about":[{"href":"https:\/\/locoinlameiro.pt\/fr\/wp-json\/wp\/v2\/types\/page"}],"author":[{"embeddable":true,"href":"https:\/\/locoinlameiro.pt\/fr\/wp-json\/wp\/v2\/users\/1"}],"replies":[{"embeddable":true,"href":"https:\/\/locoinlameiro.pt\/fr\/wp-json\/wp\/v2\/comments?post=1771"}],"version-history":[{"count":6,"href":"https:\/\/locoinlameiro.pt\/fr\/wp-json\/wp\/v2\/pages\/1771\/revisions"}],"predecessor-version":[{"id":1889,"href":"https:\/\/locoinlameiro.pt\/fr\/wp-json\/wp\/v2\/pages\/1771\/revisions\/1889"}],"wp:attachment":[{"href":"https:\/\/locoinlameiro.pt\/fr\/wp-json\/wp\/v2\/media?parent=1771"}],"curies":[{"name":"wp","href":"https:\/\/api.w.org\/{rel}","templated":true}]}}